{"id":20863,"date":"2024-02-14T14:28:20","date_gmt":"2024-02-14T14:28:20","guid":{"rendered":"https:\/\/www.sistar.it\/prodotti\/rapid-mask\/"},"modified":"2024-06-03T06:53:23","modified_gmt":"2024-06-03T06:53:23","slug":"rapid-mask","status":"publish","type":"product","link":"https:\/\/www.sistar.it\/es\/prodotti\/rapid-mask\/","title":{"rendered":"Rapid mask"},"content":{"rendered":"<p>L\u00e1mina para el enmascarado y protecci\u00f3n de cabinas de pintura de carrocer\u00edas.<\/p>\n<p>Fabricada adhiriendo una cinta especial de papel de arroz y cuatro l\u00e1minas de HDPE previamente plegadas y provistas de un precorte en la parte superior.<\/p>\n<p>&nbsp;<\/p>\n<div id=\"footable_parent_20860\"\n         class=\" footable_parent ninja_table_wrapper loading_ninja_table wp_table_data_press_parent bootstrap4 colored_table\">\n                <table data-ninja_table_instance=\"ninja_table_instance_0\" data-footable_id=\"20860\" data-filter-delay=\"1000\" aria-label=\"RAPID MASK( INGLESE )\"            id=\"footable_20860\"\n           data-unique_identifier=\"ninja_table_unique_id_1622804923_20860\"\n           class=\" foo-table ninja_footable foo_table_20860 ninja_table_unique_id_1622804923_20860 table  white nt_type_ajax_table table-hover vertical_centered inverted footable-paging-right ninja_table_search_disabled\">\n                <colgroup>\n                            <col class=\"ninja_column_0 \">\n                            <col class=\"ninja_column_1 \">\n                            <col class=\"ninja_column_2 \">\n                            <col class=\"ninja_column_3 \">\n                    <\/colgroup>\n            <\/table>\n                    <style type=\"text\/css\" id='ninja_table_custom_css_20860'>\n                        #footable_20860  {\n        font-family: sans-serif;\n        font-size: 14px;\n    }\n\n#footable_20860 td.ninja_column_0 { text-align: center; }#footable_20860 th.ninja_column_0 { text-align: center; }#footable_20860 td.ninja_column_1 { text-align: center; }#footable_20860 th.ninja_column_1 { text-align: center; }#footable_20860 td.ninja_column_2 { text-align: center; }#footable_20860 th.ninja_column_2 { text-align: center; }#footable_20860 td.ninja_column_3 { text-align: center; }#footable_20860 th.ninja_column_3 { text-align: center; }                <\/style>\n                \n    \n    \n<\/div>\n\n<div class=\"hidden\">182.0530<\/div>\n<div><\/div>\n<div><img loading=\"lazy\" class=\"alignnone size-full wp-image-14687\" src=\"https:\/\/www.sistar.it\/wp-content\/uploads\/2024\/02\/Rapid-Mask-4-in1.png\" alt=\"\" width=\"631\" height=\"156\" srcset=\"https:\/\/www.sistar.it\/wp-content\/uploads\/2024\/02\/Rapid-Mask-4-in1.png 631w, https:\/\/www.sistar.it\/wp-content\/uploads\/2024\/02\/Rapid-Mask-4-in1-320x79.png 320w, https:\/\/www.sistar.it\/wp-content\/uploads\/2024\/02\/Rapid-Mask-4-in1-600x148.png 600w\" sizes=\"(max-width: 631px) 100vw, 631px\" \/><\/div>\n","protected":false},"excerpt":{"rendered":"<p>Film para enmascarar y proteger cabinas de pintura para el repintado de autom\u00f3viles, resistente hasta 140\u00b0C.<\/p>\n","protected":false},"featured_media":17496,"template":"","meta":[],"product_cat":[290],"product_tag":[],"acf":[],"_links":{"self":[{"href":"https:\/\/www.sistar.it\/es\/wp-json\/wp\/v2\/product\/20863"}],"collection":[{"href":"https:\/\/www.sistar.it\/es\/wp-json\/wp\/v2\/product"}],"about":[{"href":"https:\/\/www.sistar.it\/es\/wp-json\/wp\/v2\/types\/product"}],"wp:featuredmedia":[{"embeddable":true,"href":"https:\/\/www.sistar.it\/es\/wp-json\/wp\/v2\/media\/17496"}],"wp:attachment":[{"href":"https:\/\/www.sistar.it\/es\/wp-json\/wp\/v2\/media?parent=20863"}],"wp:term":[{"taxonomy":"product_cat","embeddable":true,"href":"https:\/\/www.sistar.it\/es\/wp-json\/wp\/v2\/product_cat?post=20863"},{"taxonomy":"product_tag","embeddable":true,"href":"https:\/\/www.sistar.it\/es\/wp-json\/wp\/v2\/product_tag?post=20863"}],"curies":[{"name":"wp","href":"https:\/\/api.w.org\/{rel}","templated":true}]}}