{"id":20843,"date":"2024-02-14T16:36:23","date_gmt":"2024-02-14T16:36:23","guid":{"rendered":"https:\/\/www.sistar.it\/prodotti\/washi-rice-paper-adhesive-tape\/"},"modified":"2024-04-12T07:13:44","modified_gmt":"2024-04-12T07:13:44","slug":"cinta-de-enmascarar-washi-papel-de-arroz","status":"publish","type":"product","link":"https:\/\/www.sistar.it\/es\/prodotti\/cinta-de-enmascarar-washi-papel-de-arroz\/","title":{"rendered":"Cinta de enmascarar washi papel de arroz"},"content":{"rendered":"<p>Cinta para enmascarar de papel japon\u00e9s puro para trabajos profesionales y de precisi\u00f3n en interiores y exteriores.<\/p>\n<p>Resistente a los rayos UV hasta 3 meses y a temperaturas de hasta 120 \u00b0 C durante 1 hora.<\/p>\n<p><strong>Caracter\u00edsticas:<\/strong><\/p>\n<ul>\n<li>Papel: Washi japon\u00e9s<\/li>\n<li>Adhesivo: acr\u00edlico<\/li>\n<li>Color: amarillo<\/li>\n<\/ul>\n<p>&nbsp;<\/p>\n<div id=\"footable_parent_20842\"\n         class=\" footable_parent ninja_table_wrapper loading_ninja_table wp_table_data_press_parent bootstrap4 colored_table\">\n                <table data-ninja_table_instance=\"ninja_table_instance_0\" data-footable_id=\"20842\" data-filter-delay=\"1000\" aria-label=\"NASTRO ADESIVO IN CARTA DI RISO WASHI( INGLESE )\"            id=\"footable_20842\"\n           data-unique_identifier=\"ninja_table_unique_id_932534980_20842\"\n           class=\" foo-table ninja_footable foo_table_20842 ninja_table_unique_id_932534980_20842 table  white nt_type_ajax_table table-hover vertical_centered inverted footable-paging-right ninja_table_search_disabled\">\n                <colgroup>\n                            <col class=\"ninja_column_0 \">\n                            <col class=\"ninja_column_1 \">\n                            <col class=\"ninja_column_2 \">\n                            <col class=\"ninja_column_3 \">\n                    <\/colgroup>\n            <\/table>\n                    <style type=\"text\/css\" id='ninja_table_custom_css_20842'>\n                        #footable_20842  {\n        font-family: sans-serif;\n        font-size: 14px;\n    }\n\n#footable_20842 td.ninja_column_0 { text-align: center; }#footable_20842 th.ninja_column_0 { text-align: center; }#footable_20842 td.ninja_column_1 { text-align: center; }#footable_20842 th.ninja_column_1 { text-align: center; }#footable_20842 td.ninja_column_2 { text-align: center; }#footable_20842 th.ninja_column_2 { text-align: center; }#footable_20842 td.ninja_column_3 { text-align: center; }#footable_20842 th.ninja_column_3 { text-align: center; }                <\/style>\n                \n    \n    \n<\/div>\n\n<p>&nbsp;<\/p>\n<div class=\"hidden\">184.0070, 184.0071, 184.0072, 184.0073, 184.0074<\/div>\n","protected":false},"excerpt":{"rendered":"<p>Cinta para enmascarar de papel japon\u00e9s puro para trabajos profesionales y de precisi\u00f3n en interiores y exteriores. Resistente a los rayos UV hasta 3 meses y a temperaturas de hasta 120 \u00b0 C durante 1 hora. Caracter\u00edsticas: Papel: Washi japon\u00e9s Adhesivo: acr\u00edlico Color: amarillo &nbsp; &nbsp; 184.0070, 184.0071, 184.0072, 184.0073, 184.0074<\/p>\n","protected":false},"featured_media":17514,"template":"","meta":[],"product_cat":[290],"product_tag":[],"acf":[],"_links":{"self":[{"href":"https:\/\/www.sistar.it\/es\/wp-json\/wp\/v2\/product\/20843"}],"collection":[{"href":"https:\/\/www.sistar.it\/es\/wp-json\/wp\/v2\/product"}],"about":[{"href":"https:\/\/www.sistar.it\/es\/wp-json\/wp\/v2\/types\/product"}],"wp:featuredmedia":[{"embeddable":true,"href":"https:\/\/www.sistar.it\/es\/wp-json\/wp\/v2\/media\/17514"}],"wp:attachment":[{"href":"https:\/\/www.sistar.it\/es\/wp-json\/wp\/v2\/media?parent=20843"}],"wp:term":[{"taxonomy":"product_cat","embeddable":true,"href":"https:\/\/www.sistar.it\/es\/wp-json\/wp\/v2\/product_cat?post=20843"},{"taxonomy":"product_tag","embeddable":true,"href":"https:\/\/www.sistar.it\/es\/wp-json\/wp\/v2\/product_tag?post=20843"}],"curies":[{"name":"wp","href":"https:\/\/api.w.org\/{rel}","templated":true}]}}