{"id":20679,"date":"2013-07-05T10:59:36","date_gmt":"2013-07-05T10:59:36","guid":{"rendered":"https:\/\/www.sistar.it\/prodotti\/star-line-wp\/"},"modified":"2024-03-06T16:10:23","modified_gmt":"2024-03-06T16:10:23","slug":"star-line-wp","status":"publish","type":"product","link":"https:\/\/www.sistar.it\/es\/prodotti\/star-line-wp\/","title":{"rendered":"Star Line WP"},"content":{"rendered":"<p>Papel abrasivo resistente al agua para el lijado manual en h\u00famedo de masillas, imprimaciones y pinturas de carrocer\u00eda.<\/p>\n<p>Tambi\u00e9n se utiliza sobre metal, pl\u00e1stico y materiales sint\u00e9ticos.<\/p>\n<p>Abrasivo de uso general si se usa en seco.<\/p>\n<p><strong><span style=\"font-size: 14pt;\">Caracter\u00edsticas:<\/span><\/strong><\/p>\n<ul>\n<li><strong>Abrasivo:<\/strong> Carburo de silicio<\/li>\n<li><strong>Soporte:<\/strong> Papel de l\u00e1tex impermeable tipo B<\/li>\n<li><strong>Aglutinante:<\/strong> Resina fen\u00f3lica<\/li>\n<li><strong>Estructura:<\/strong> Cerrada<\/li>\n<li><strong>Color:<\/strong> Gris oscuro<\/li>\n<\/ul>\n<p style=\"text-align: center;\"><span style=\"font-size: 14pt;\"><strong>STAR LINE FINISH WP HOJA DE LIJA AL AGUA 230&#215;280 mm<\/strong><\/span><\/p>\n<div id=\"footable_parent_20678\"\n         class=\" footable_parent ninja_table_wrapper loading_ninja_table wp_table_data_press_parent bootstrap4 \">\n                <table data-ninja_table_instance=\"ninja_table_instance_0\" data-footable_id=\"20678\" data-filter-delay=\"1000\" aria-label=\"STAR LINE FINISH WP - Fogli 230x280 mm INGLESE\"            id=\"footable_20678\"\n           data-unique_identifier=\"ninja_table_unique_id_1922144877_20678\"\n           class=\" foo-table ninja_footable foo_table_20678 ninja_table_unique_id_1922144877_20678 table  nt_type_ajax_table table-bordered table-hover table-sm vertical_centered  footable-paging-right ninja_table_search_disabled\">\n                <colgroup>\n                            <col class=\"ninja_column_0 \">\n                            <col class=\"ninja_column_1 \">\n                            <col class=\"ninja_column_2 \">\n                    <\/colgroup>\n            <\/table>\n                    <style type=\"text\/css\" id='ninja_table_custom_css_20678'>\n                        #footable_20678  {\n        font-family: sans-serif;\n        font-size: 14px;\n    }\n\n#footable_20678 td.ninja_column_0 { text-align: center; }#footable_20678 th.ninja_column_0 { text-align: center; }#footable_20678 td.ninja_column_1 { text-align: center; }#footable_20678 th.ninja_column_1 { text-align: center; }#footable_20678 td.ninja_column_2 { text-align: center; }#footable_20678 th.ninja_column_2 { text-align: center; }                <\/style>\n                \n    \n    \n<\/div>\n\n<div class=\"hidden\">172.2180<\/div>\n","protected":false},"excerpt":{"rendered":"<p>Papel abrasivo resistente al agua en hojas.<\/p>\n","protected":false},"featured_media":16860,"template":"","meta":[],"product_cat":[288],"product_tag":[],"acf":[],"_links":{"self":[{"href":"https:\/\/www.sistar.it\/es\/wp-json\/wp\/v2\/product\/20679"}],"collection":[{"href":"https:\/\/www.sistar.it\/es\/wp-json\/wp\/v2\/product"}],"about":[{"href":"https:\/\/www.sistar.it\/es\/wp-json\/wp\/v2\/types\/product"}],"wp:featuredmedia":[{"embeddable":true,"href":"https:\/\/www.sistar.it\/es\/wp-json\/wp\/v2\/media\/16860"}],"wp:attachment":[{"href":"https:\/\/www.sistar.it\/es\/wp-json\/wp\/v2\/media?parent=20679"}],"wp:term":[{"taxonomy":"product_cat","embeddable":true,"href":"https:\/\/www.sistar.it\/es\/wp-json\/wp\/v2\/product_cat?post=20679"},{"taxonomy":"product_tag","embeddable":true,"href":"https:\/\/www.sistar.it\/es\/wp-json\/wp\/v2\/product_tag?post=20679"}],"curies":[{"name":"wp","href":"https:\/\/api.w.org\/{rel}","templated":true}]}}