{"id":20658,"date":"2013-07-05T11:45:49","date_gmt":"2013-07-05T11:45:49","guid":{"rendered":"https:\/\/www.sistar.it\/prodotti\/abrasive-block\/"},"modified":"2024-03-06T14:24:47","modified_gmt":"2024-03-06T14:24:47","slug":"bloc-abrasif","status":"publish","type":"product","link":"https:\/\/www.sistar.it\/es\/prodotti\/bloc-abrasif\/","title":{"rendered":"Bloc Abrasif"},"content":{"rendered":"<section id=\"bt_bb_section69f5a903e60bd\"  class=\"bt_bb_section bt_bb_layout_boxed_1200\"  data-bt-override-class=\"{}\"><span class=\"bt_bb_overlay\"><\/span><div class=\"bt_bb_port\"><div class=\"bt_bb_cell\"><div class=\"bt_bb_cell_inner\"><div class=\"bt_bb_row_wrapper\"><div  class=\"bt_bb_row\" ><div  class=\"bt_bb_column col-xl-12 col-xs-12 col-sm-12 col-md-12 col-lg-12 bt_bb_align_left bt_bb_vertical_align_top bt_bb_padding_normal\"  data-width=\"12\" data-bt-override-class=\"{}\"><div class=\"bt_bb_column_content\"><div class=\"bt_bb_column_content_inner\"><div  class=\"bt_bb_text\" ><p>Abrasivo r\u00edgido en base carb\u00f3n para eliminar defectos de pintura (suciedad y descolgados) y preparar la superficie para el pulido.<\/p>\n<p>Para ser usado s\u00f3lo en h\u00famedo para evitar ara\u00f1azos; mantener los bloques sumergidos en agua durante mucho tiempo.<\/p>\n<p>Despu\u00e9s de su uso, gu\u00e1rdelo en su caja y mant\u00e9ngalo h\u00famedo (pero no sumergido).<\/p>\n<\/div><\/div><\/div><\/div><\/div><\/div><\/div><\/div><\/div><\/section><section id=\"bt_bb_section69f5a903e656d\"  class=\"bt_bb_section bt_bb_layout_boxed_1200\"  data-bt-override-class=\"{}\"><span class=\"bt_bb_overlay\"><\/span><div class=\"bt_bb_port\"><div class=\"bt_bb_cell\"><div class=\"bt_bb_cell_inner\"><div class=\"bt_bb_row_wrapper\"><div  class=\"bt_bb_row\" ><div  class=\"bt_bb_column col-xl-8 col-xs-12 col-sm-12 col-md-12 col-lg-8 bt_bb_align_center bt_bb_vertical_align_middle bt_bb_padding_normal\"  data-width=\"8\" data-bt-override-class=\"{&quot;bt_bb_align_&quot;:{&quot;current_class&quot;:&quot;bt_bb_align_center&quot;,&quot;xl&quot;:&quot;center&quot;},&quot;bt_bb_padding_&quot;:{&quot;current_class&quot;:&quot;bt_bb_padding_normal&quot;,&quot;xl&quot;:&quot;normal&quot;}}\"><div class=\"bt_bb_column_content\"><div class=\"bt_bb_column_content_inner\"><div  class=\"bt_bb_text\" ><p style=\"text-align: center;\"><span style=\"font-size: 12pt;\"><strong>TACO ABRASIVO DE CARBONO &#8211; TALLA: 50 x 20 x 20 mm<\/strong><\/span><\/p>\n<\/div><\/div><\/div><\/div><div  class=\"bt_bb_column col-xl-4 col-xs-12 col-sm-12 col-md-12 col-lg-4 bt_bb_align_left bt_bb_vertical_align_top bt_bb_padding_normal\"  data-width=\"4\" data-bt-override-class=\"{}\"><div class=\"bt_bb_column_content\"><div class=\"bt_bb_column_content_inner\"><div class=\"bt_bb_image bt_bb_shape_square bt_bb_target_self bt_bb_align_inherit bt_bb_hover_style_simple bt_bb_content_display_always bt_bb_content_align_middle bt_bb_remove_padding_yes bt_bb_fill_background_color_full\" data-bt-override-class=\"{&quot;bt_bb_align_&quot;:{&quot;current_class&quot;:&quot;bt_bb_align_inherit&quot;,&quot;xl&quot;:&quot;inherit&quot;}}\"><span><img width=\"360\" height=\"250\" src=\"https:\/\/www.sistar.it\/wp-content\/uploads\/2013\/07\/172.2500_Blocchetti-Abrasivi.png\" class=\"attachment-full size-full\" alt=\"https:\/\/www.sistar.it\/wp-content\/uploads\/2013\/07\/172.2500_Blocchetti-Abrasivi.png\" loading=\"lazy\" data-full_image_src=\"https:\/\/www.sistar.it\/wp-content\/uploads\/2013\/07\/172.2500_Blocchetti-Abrasivi.png\" title=\"172.2500_Blocchetti Abrasivi\" srcset=\"https:\/\/www.sistar.it\/wp-content\/uploads\/2013\/07\/172.2500_Blocchetti-Abrasivi.png 360w, https:\/\/www.sistar.it\/wp-content\/uploads\/2013\/07\/172.2500_Blocchetti-Abrasivi-320x222.png 320w\" sizes=\"(max-width: 360px) 100vw, 360px\" \/><\/span><\/div><\/div><\/div><\/div><\/div><\/div><div class=\"bt_bb_row_wrapper\"><div  class=\"bt_bb_row\" ><div  class=\"bt_bb_column col-xl-12 col-xs-12 col-sm-12 col-md-12 col-lg-12 bt_bb_align_left bt_bb_vertical_align_top bt_bb_padding_normal\"  data-width=\"12\" data-bt-override-class=\"{}\"><div class=\"bt_bb_column_content\"><div class=\"bt_bb_column_content_inner\"><div  class=\"bt_bb_text\" ><div id=\"footable_parent_20646\"\n         class=\" footable_parent ninja_table_wrapper loading_ninja_table wp_table_data_press_parent bootstrap4 \">\n                <table data-ninja_table_instance=\"ninja_table_instance_0\" data-footable_id=\"20646\" data-filter-delay=\"1000\" aria-label=\"Blocchetto Abrasivo INGLESE\"            id=\"footable_20646\"\n           data-unique_identifier=\"ninja_table_unique_id_771643030_20646\"\n           class=\" foo-table ninja_footable foo_table_20646 ninja_table_unique_id_771643030_20646 table  nt_type_ajax_table table-bordered table-hover table-sm vertical_centered  footable-paging-right ninja_table_search_disabled\">\n                <colgroup>\n                            <col class=\"ninja_column_0 \">\n                            <col class=\"ninja_column_1 \">\n                            <col class=\"ninja_column_2 \">\n                            <col class=\"ninja_column_3 \">\n                    <\/colgroup>\n            <\/table>\n                    <style type=\"text\/css\" id='ninja_table_custom_css_20646'>\n                        #footable_20646  {\n        font-family: sans-serif;\n        font-size: 14px;\n    }\n\n#footable_20646 td.ninja_column_0 { text-align: center; }#footable_20646 th.ninja_column_0 { text-align: center; }#footable_20646 td.ninja_column_1 { text-align: center; }#footable_20646 th.ninja_column_1 { text-align: center; }#footable_20646 td.ninja_column_2 { text-align: center; }#footable_20646 th.ninja_column_2 { text-align: center; }#footable_20646 td.ninja_column_3 { text-align: center; }#footable_20646 th.ninja_column_3 { text-align: center; }                <\/style>\n                \n    \n    \n<\/div>\n<\/div><\/div><\/div><\/div><\/div><\/div><\/div><\/div><\/div><\/section><section id=\"bt_bb_section69f5a903e82cc\"  class=\"bt_bb_section bt_bb_layout_boxed_1200\"  data-bt-override-class=\"{}\"><span class=\"bt_bb_overlay\"><\/span><div class=\"bt_bb_port\"><div class=\"bt_bb_cell\"><div class=\"bt_bb_cell_inner\"><div class=\"bt_bb_row_wrapper\"><div  class=\"bt_bb_row\" ><div  class=\"bt_bb_column col-xl-8 col-xs-12 col-sm-12 col-md-12 col-lg-8 bt_bb_align_center bt_bb_vertical_align_middle bt_bb_padding_normal\"  data-width=\"8\" data-bt-override-class=\"{&quot;bt_bb_align_&quot;:{&quot;current_class&quot;:&quot;bt_bb_align_center&quot;,&quot;xl&quot;:&quot;center&quot;},&quot;bt_bb_padding_&quot;:{&quot;current_class&quot;:&quot;bt_bb_padding_normal&quot;,&quot;xl&quot;:&quot;normal&quot;}}\"><div class=\"bt_bb_column_content\"><div class=\"bt_bb_column_content_inner\"><div  class=\"bt_bb_text\" ><p style=\"text-align: center;\"><span style=\"font-size: 12pt;\"><strong>ESPONJA PARA LIMPIAR EL TACO ABRASIVO DE CARBONO<\/strong><\/span><\/p>\n<\/div><\/div><\/div><\/div><div  class=\"bt_bb_column col-xl-4 col-xs-12 col-sm-12 col-md-12 col-lg-4 bt_bb_align_center bt_bb_vertical_align_middle bt_bb_padding_normal\"  data-width=\"4\" data-bt-override-class=\"{&quot;bt_bb_align_&quot;:{&quot;current_class&quot;:&quot;bt_bb_align_center&quot;,&quot;xl&quot;:&quot;center&quot;},&quot;bt_bb_padding_&quot;:{&quot;current_class&quot;:&quot;bt_bb_padding_normal&quot;,&quot;xl&quot;:&quot;normal&quot;}}\"><div class=\"bt_bb_column_content\"><div class=\"bt_bb_column_content_inner\"><div class=\"bt_bb_image bt_bb_shape_square bt_bb_target_self bt_bb_align_inherit bt_bb_hover_style_simple bt_bb_content_display_always bt_bb_content_align_middle bt_bb_remove_padding_yes bt_bb_fill_background_color_full\" data-bt-override-class=\"{&quot;bt_bb_align_&quot;:{&quot;current_class&quot;:&quot;bt_bb_align_inherit&quot;,&quot;xl&quot;:&quot;inherit&quot;}}\"><span><img width=\"200\" height=\"200\" src=\"https:\/\/www.sistar.it\/wp-content\/uploads\/2013\/07\/172.2500-spugnetta.png\" class=\"attachment-full size-full\" alt=\"https:\/\/www.sistar.it\/wp-content\/uploads\/2013\/07\/172.2500-spugnetta.png\" loading=\"lazy\" data-full_image_src=\"https:\/\/www.sistar.it\/wp-content\/uploads\/2013\/07\/172.2500-spugnetta.png\" title=\"172.2500-spugnetta\" srcset=\"https:\/\/www.sistar.it\/wp-content\/uploads\/2013\/07\/172.2500-spugnetta.png 200w, https:\/\/www.sistar.it\/wp-content\/uploads\/2013\/07\/172.2500-spugnetta-160x160.png 160w, https:\/\/www.sistar.it\/wp-content\/uploads\/2013\/07\/172.2500-spugnetta-100x100.png 100w\" sizes=\"(max-width: 200px) 100vw, 200px\" \/><\/span><\/div><\/div><\/div><\/div><\/div><\/div><div class=\"bt_bb_row_wrapper\"><div  class=\"bt_bb_row\" ><div  class=\"bt_bb_column col-xl-12 col-xs-12 col-sm-12 col-md-12 col-lg-12 bt_bb_align_left bt_bb_vertical_align_top bt_bb_padding_normal\"  data-width=\"12\" data-bt-override-class=\"{}\"><div class=\"bt_bb_column_content\"><div class=\"bt_bb_column_content_inner\"><div  class=\"bt_bb_text\" ><div id=\"footable_parent_20648\"\n         class=\" footable_parent ninja_table_wrapper loading_ninja_table wp_table_data_press_parent bootstrap4 \">\n                <table data-ninja_table_instance=\"ninja_table_instance_1\" data-footable_id=\"20648\" data-filter-delay=\"1000\" aria-label=\"Spugnetta x Blocchetto Abrasivo INGLESE\"            id=\"footable_20648\"\n           data-unique_identifier=\"ninja_table_unique_id_1938108598_20648\"\n           class=\" foo-table ninja_footable foo_table_20648 ninja_table_unique_id_1938108598_20648 table  nt_type_ajax_table table-bordered table-hover table-sm vertical_centered  footable-paging-right ninja_table_search_disabled\">\n                <colgroup>\n                            <col class=\"ninja_column_0 \">\n                            <col class=\"ninja_column_1 \">\n                            <col class=\"ninja_column_2 \">\n                    <\/colgroup>\n            <\/table>\n                    <style type=\"text\/css\" id='ninja_table_custom_css_20646'>\n                        #footable_20646  {\n        font-family: sans-serif;\n        font-size: 14px;\n    }\n\n#footable_20646 td.ninja_column_0 { text-align: center; }#footable_20646 th.ninja_column_0 { text-align: center; }#footable_20646 td.ninja_column_1 { text-align: center; }#footable_20646 th.ninja_column_1 { text-align: center; }#footable_20646 td.ninja_column_2 { text-align: center; }#footable_20646 th.ninja_column_2 { text-align: center; }#footable_20646 td.ninja_column_3 { text-align: center; }#footable_20646 th.ninja_column_3 { text-align: center; }                <\/style>\n                                <style type=\"text\/css\" id='ninja_table_custom_css_20648'>\n                        #footable_20648  {\n        font-family: sans-serif;\n        font-size: 14px;\n    }\n\n#footable_20648 td.ninja_column_0 { text-align: center; }#footable_20648 th.ninja_column_0 { text-align: center; }#footable_20648 td.ninja_column_1 { text-align: center; }#footable_20648 th.ninja_column_1 { text-align: center; }#footable_20648 td.ninja_column_2 { text-align: center; }#footable_20648 th.ninja_column_2 { text-align: center; }                <\/style>\n                \n    \n    \n<\/div>\n<\/div><\/div><\/div><\/div><\/div><\/div><\/div><\/div><\/div><\/section><section id=\"bt_bb_section69f5a903e9e9f\"  class=\"bt_bb_section bt_bb_layout_boxed_1200\"  data-bt-override-class=\"{}\"><span class=\"bt_bb_overlay\"><\/span><div class=\"bt_bb_port\"><div class=\"bt_bb_cell\"><div class=\"bt_bb_cell_inner\"><div class=\"bt_bb_row_wrapper\"><div  class=\"bt_bb_row\" ><div  class=\"bt_bb_column col-xl-9 col-xs-12 col-sm-12 col-md-12 col-lg-9 bt_bb_align_center bt_bb_vertical_align_middle bt_bb_padding_normal\"  data-width=\"9\" data-bt-override-class=\"{&quot;bt_bb_align_&quot;:{&quot;current_class&quot;:&quot;bt_bb_align_center&quot;,&quot;xl&quot;:&quot;center&quot;},&quot;bt_bb_padding_&quot;:{&quot;current_class&quot;:&quot;bt_bb_padding_normal&quot;,&quot;xl&quot;:&quot;normal&quot;}}\"><div class=\"bt_bb_column_content\"><div class=\"bt_bb_column_content_inner\"><div  class=\"bt_bb_text\" ><p style=\"text-align: center;\"><span style=\"font-size: 12pt;\"><strong>KIT TACO ABRASIVO DE CARBONO (grano 800-1500-3000) + ESPONJA PARA LIMPIAR EL TACO <\/strong><\/span><\/p>\n<\/div><\/div><\/div><\/div><div  class=\"bt_bb_column col-xl-3 col-xs-12 col-sm-12 col-md-12 col-lg-3 bt_bb_align_center bt_bb_vertical_align_middle bt_bb_padding_normal\"  data-width=\"3\" data-bt-override-class=\"{&quot;bt_bb_align_&quot;:{&quot;current_class&quot;:&quot;bt_bb_align_center&quot;,&quot;xl&quot;:&quot;center&quot;},&quot;bt_bb_padding_&quot;:{&quot;current_class&quot;:&quot;bt_bb_padding_normal&quot;,&quot;xl&quot;:&quot;normal&quot;}}\"><div class=\"bt_bb_column_content\"><div class=\"bt_bb_column_content_inner\"><div class=\"bt_bb_image bt_bb_shape_square bt_bb_target_self bt_bb_align_inherit bt_bb_hover_style_simple bt_bb_content_display_always bt_bb_content_align_middle bt_bb_remove_padding_yes bt_bb_fill_background_color_full\" data-bt-override-class=\"{&quot;bt_bb_align_&quot;:{&quot;current_class&quot;:&quot;bt_bb_align_inherit&quot;,&quot;xl&quot;:&quot;inherit&quot;}}\"><span><img width=\"160\" height=\"160\" src=\"https:\/\/www.sistar.it\/wp-content\/uploads\/2013\/07\/172.2506.kit-AR-160x160.png\" class=\"attachment-thumbnail size-thumbnail\" alt=\"https:\/\/www.sistar.it\/wp-content\/uploads\/2013\/07\/172.2506.kit-AR-160x160.png\" loading=\"lazy\" data-full_image_src=\"https:\/\/www.sistar.it\/wp-content\/uploads\/2013\/07\/172.2506.kit-AR.png\" title=\"172.2506.kit-AR\" srcset=\"https:\/\/www.sistar.it\/wp-content\/uploads\/2013\/07\/172.2506.kit-AR-160x160.png 160w, https:\/\/www.sistar.it\/wp-content\/uploads\/2013\/07\/172.2506.kit-AR-320x320.png 320w, https:\/\/www.sistar.it\/wp-content\/uploads\/2013\/07\/172.2506.kit-AR-300x300.png 300w, https:\/\/www.sistar.it\/wp-content\/uploads\/2013\/07\/172.2506.kit-AR-100x100.png 100w, https:\/\/www.sistar.it\/wp-content\/uploads\/2013\/07\/172.2506.kit-AR.png 360w\" sizes=\"(max-width: 160px) 100vw, 160px\" \/><\/span><\/div><\/div><\/div><\/div><\/div><\/div><div class=\"bt_bb_row_wrapper\"><div  class=\"bt_bb_row\" ><div  class=\"bt_bb_column col-xl-12 col-xs-12 col-sm-12 col-md-12 col-lg-12 bt_bb_align_left bt_bb_vertical_align_top bt_bb_padding_normal\"  data-width=\"12\" data-bt-override-class=\"{}\"><div class=\"bt_bb_column_content\"><div class=\"bt_bb_column_content_inner\"><div  class=\"bt_bb_text\" ><div id=\"footable_parent_20647\"\n         class=\" footable_parent ninja_table_wrapper loading_ninja_table wp_table_data_press_parent bootstrap4 \">\n                <table data-ninja_table_instance=\"ninja_table_instance_2\" data-footable_id=\"20647\" data-filter-delay=\"1000\" aria-label=\"KIT Blocchetto Abrasivo INGLESE\"            id=\"footable_20647\"\n           data-unique_identifier=\"ninja_table_unique_id_1332416060_20647\"\n           class=\" foo-table ninja_footable foo_table_20647 ninja_table_unique_id_1332416060_20647 table  nt_type_ajax_table table-bordered table-hover table-sm vertical_centered  footable-paging-right ninja_table_search_disabled\">\n                <colgroup>\n                            <col class=\"ninja_column_0 \">\n                            <col class=\"ninja_column_1 \">\n                            <col class=\"ninja_column_2 \">\n                    <\/colgroup>\n            <\/table>\n                    <style type=\"text\/css\" id='ninja_table_custom_css_20646'>\n                        #footable_20646  {\n        font-family: sans-serif;\n        font-size: 14px;\n    }\n\n#footable_20646 td.ninja_column_0 { text-align: center; }#footable_20646 th.ninja_column_0 { text-align: center; }#footable_20646 td.ninja_column_1 { text-align: center; }#footable_20646 th.ninja_column_1 { text-align: center; }#footable_20646 td.ninja_column_2 { text-align: center; }#footable_20646 th.ninja_column_2 { text-align: center; }#footable_20646 td.ninja_column_3 { text-align: center; }#footable_20646 th.ninja_column_3 { text-align: center; }                <\/style>\n                                <style type=\"text\/css\" id='ninja_table_custom_css_20648'>\n                        #footable_20648  {\n        font-family: sans-serif;\n        font-size: 14px;\n    }\n\n#footable_20648 td.ninja_column_0 { text-align: center; }#footable_20648 th.ninja_column_0 { text-align: center; }#footable_20648 td.ninja_column_1 { text-align: center; }#footable_20648 th.ninja_column_1 { text-align: center; }#footable_20648 td.ninja_column_2 { text-align: center; }#footable_20648 th.ninja_column_2 { text-align: center; }                <\/style>\n                                <style type=\"text\/css\" id='ninja_table_custom_css_20647'>\n                        #footable_20647  {\n        font-family: sans-serif;\n        font-size: 14px;\n    }\n\n#footable_20647 td.ninja_column_0 { text-align: center; }#footable_20647 th.ninja_column_0 { text-align: center; }#footable_20647 td.ninja_column_1 { text-align: center; }#footable_20647 th.ninja_column_1 { text-align: center; }#footable_20647 td.ninja_column_2 { text-align: center; }#footable_20647 th.ninja_column_2 { text-align: center; }                <\/style>\n                \n    \n    \n<\/div>\n<\/div><\/div><\/div><\/div><\/div><\/div><\/div><\/div><\/div><\/section><section id=\"bt_bb_section69f5a903eba72\"  class=\"bt_bb_section bt_bb_layout_boxed_1200\"  data-bt-override-class=\"{}\"><span class=\"bt_bb_overlay\"><\/span><div class=\"bt_bb_port\"><div class=\"bt_bb_cell\"><div class=\"bt_bb_cell_inner\"><div class=\"bt_bb_row_wrapper\"><div  class=\"bt_bb_row\" ><div  class=\"bt_bb_column col-xl-12 col-xs-12 col-sm-12 col-md-12 col-lg-12 bt_bb_align_left bt_bb_vertical_align_top bt_bb_padding_normal\"  data-width=\"12\" data-bt-override-class=\"{}\"><div class=\"bt_bb_column_content\"><div class=\"bt_bb_column_content_inner\"><div  class=\"bt_bb_text\" ><div class=\"hidden\">172.2500, 172.2501, 172.2503, 172.2505, 172.2506.KIT<\/div>\n<\/div><\/div><\/div><\/div><\/div><\/div><\/div><\/div><\/div><\/section>","protected":false},"excerpt":{"rendered":"","protected":false},"featured_media":16852,"template":"","meta":[],"product_cat":[288],"product_tag":[],"acf":[],"_links":{"self":[{"href":"https:\/\/www.sistar.it\/es\/wp-json\/wp\/v2\/product\/20658"}],"collection":[{"href":"https:\/\/www.sistar.it\/es\/wp-json\/wp\/v2\/product"}],"about":[{"href":"https:\/\/www.sistar.it\/es\/wp-json\/wp\/v2\/types\/product"}],"wp:featuredmedia":[{"embeddable":true,"href":"https:\/\/www.sistar.it\/es\/wp-json\/wp\/v2\/media\/16852"}],"wp:attachment":[{"href":"https:\/\/www.sistar.it\/es\/wp-json\/wp\/v2\/media?parent=20658"}],"wp:term":[{"taxonomy":"product_cat","embeddable":true,"href":"https:\/\/www.sistar.it\/es\/wp-json\/wp\/v2\/product_cat?post=20658"},{"taxonomy":"product_tag","embeddable":true,"href":"https:\/\/www.sistar.it\/es\/wp-json\/wp\/v2\/product_tag?post=20658"}],"curies":[{"name":"wp","href":"https:\/\/api.w.org\/{rel}","templated":true}]}}