{"id":22421,"date":"2019-02-28T09:08:03","date_gmt":"2019-02-28T09:08:03","guid":{"rendered":"https:\/\/www.sistar.it\/prodotti\/aerografo-g-pro\/"},"modified":"2024-03-19T09:12:19","modified_gmt":"2024-03-19T09:12:19","slug":"spray-gun-g-pro-2","status":"publish","type":"product","link":"https:\/\/www.sistar.it\/en\/prodotti\/spray-gun-g-pro-2\/","title":{"rendered":"Spray gun G-PRO 2"},"content":{"rendered":"<p>HVLP gravity spray gun with chromed body for car bodyshop and industrial painting.<\/p>\n<p>It is suitable for solvent and water based paints.<\/p>\n<p>Air cap, needle and nozzle are made of stainless steel. Wide availability of nozzles.<\/p>\n<p>The gravity-fit nylon cup with anti-drip system has a capacity of 600 ml.<\/p>\n<p>Package includes: complete airbrush, top cup, paint filter, universal spanner, hexagon spanner, cleaning brush and instructions.<\/p>\n<p>&nbsp;<\/p>\n<p><strong><span style=\"font-size: 14pt;\">Features:<\/span><\/strong><\/p>\n<ul>\n<li>Pressure: 3.0 bar (45 psi)<\/li>\n<li>Air consumption: 348 l\/min<\/li>\n<li>Air inlet connector: 1\/4&#8221;<\/li>\n<li>Weight: 545 g<\/li>\n<\/ul>\n<p>Available with nozzle\u00a0\u00d8 1,2 mm | \u00d8 1,3 mm | \u00d8 1,4 mm | \u00d8 1,6 mm | \u00d8 1,7 mm | \u00d8 1,8 mm | \u00d8 2,0 mm | \u00d8 2,5 mm | \u00d8 3,0 mm<\/p>\n<p>&nbsp;<\/p>\n<div id=\"footable_parent_22423\"\n         class=\" footable_parent ninja_table_wrapper loading_ninja_table wp_table_data_press_parent bootstrap4 colored_table\">\n                <table data-ninja_table_instance=\"ninja_table_instance_0\" data-footable_id=\"22423\" data-filter-delay=\"1000\" aria-label=\"Aerografo G-PRO 2( INGLESE )\"            id=\"footable_22423\"\n           data-unique_identifier=\"ninja_table_unique_id_247992719_22423\"\n           class=\" foo-table ninja_footable foo_table_22423 ninja_table_unique_id_247992719_22423 table  white nt_type_ajax_table table-hover vertical_centered inverted footable-paging-right ninja_table_search_disabled\">\n                <colgroup>\n                            <col class=\"ninja_column_0 \">\n                            <col class=\"ninja_column_1 \">\n                            <col class=\"ninja_column_2 \">\n                    <\/colgroup>\n            <\/table>\n                    <style type=\"text\/css\" id='ninja_table_custom_css_22423'>\n                        #footable_22423  {\n        font-family: sans-serif;\n        font-size: 14px;\n    }\n\n#footable_22423 td.ninja_column_0 { text-align: center; }#footable_22423 th.ninja_column_0 { text-align: center; }#footable_22423 td.ninja_column_1 { text-align: center; }#footable_22423 th.ninja_column_1 { text-align: center; }#footable_22423 td.ninja_column_2 { text-align: center; }#footable_22423 th.ninja_column_2 { text-align: center; }                <\/style>\n                \n    \n    \n<\/div>\n\n<p>&nbsp;<\/p>\n<div class=\"hidden\">440.0002.\u00d8, 440.0006.\u00d8, 830.40024<\/div>\n<hr \/>\n<h5><\/h5>\n<h5><\/h5>\n<h5 style=\"text-align: left;\">G-PRO 2 Spare Parts :<\/h5>\n<p>&nbsp;<\/p>\n<p><span style=\"font-size: 18pt;\"><strong>COMPLETE PROJECTOR KIT:<\/strong><\/span><\/p>\n<h4><\/h4>\n<h4><\/h4>\n<h4 style=\"text-align: center;\"><img loading=\"lazy\" class=\"size-full wp-image-13986 alignleft\" src=\"https:\/\/www.sistar.it\/wp-content\/uploads\/2019\/02\/440.0006-Kit-proiettore-Completo-G-PRO-2.png\" alt=\"\" width=\"500\" height=\"224\" srcset=\"https:\/\/www.sistar.it\/wp-content\/uploads\/2019\/02\/440.0006-Kit-proiettore-Completo-G-PRO-2.png 500w, https:\/\/www.sistar.it\/wp-content\/uploads\/2019\/02\/440.0006-Kit-proiettore-Completo-G-PRO-2-320x143.png 320w\" sizes=\"(max-width: 500px) 100vw, 500px\" \/><\/h4>\n<h4 style=\"text-align: center;\"><\/h4>\n<h4><\/h4>\n<h4><\/h4>\n<h4><\/h4>\n<h4><\/h4>\n<h4 style=\"text-align: left;\"><\/h4>\n<p>&nbsp;<\/p>\n<p style=\"text-align: left;\">Air cap, nozzle and needle are made of stainless steel with extreme precision to achieve excellent atomisation.<\/p>\n<h4 style=\"text-align: center;\"><\/h4>\n<div id=\"footable_parent_22419\"\n         class=\" footable_parent ninja_table_wrapper loading_ninja_table wp_table_data_press_parent bootstrap4 colored_table\">\n                <table data-ninja_table_instance=\"ninja_table_instance_1\" data-footable_id=\"22419\" data-filter-delay=\"1000\" aria-label=\"Kit Proiettore Completo G-PRO 2 con tazza assistita( INGLESE )\"            id=\"footable_22419\"\n           data-unique_identifier=\"ninja_table_unique_id_1147511886_22419\"\n           class=\" foo-table ninja_footable foo_table_22419 ninja_table_unique_id_1147511886_22419 table  white nt_type_ajax_table table-hover vertical_centered inverted footable-paging-right ninja_table_search_disabled\">\n                <colgroup>\n                            <col class=\"ninja_column_0 \">\n                            <col class=\"ninja_column_1 \">\n                            <col class=\"ninja_column_2 \">\n                    <\/colgroup>\n            <\/table>\n                    <style type=\"text\/css\" id='ninja_table_custom_css_22423'>\n                        #footable_22423  {\n        font-family: sans-serif;\n        font-size: 14px;\n    }\n\n#footable_22423 td.ninja_column_0 { text-align: center; }#footable_22423 th.ninja_column_0 { text-align: center; }#footable_22423 td.ninja_column_1 { text-align: center; }#footable_22423 th.ninja_column_1 { text-align: center; }#footable_22423 td.ninja_column_2 { text-align: center; }#footable_22423 th.ninja_column_2 { text-align: center; }                <\/style>\n                                <style type=\"text\/css\" id='ninja_table_custom_css_22419'>\n                        #footable_22419  {\n        font-family: sans-serif;\n        font-size: 14px;\n    }\n\n#footable_22419 td.ninja_column_0 { text-align: center; }#footable_22419 th.ninja_column_0 { text-align: center; }#footable_22419 td.ninja_column_1 { text-align: center; }#footable_22419 th.ninja_column_1 { text-align: center; }#footable_22419 td.ninja_column_2 { text-align: center; }#footable_22419 th.ninja_column_2 { text-align: center; }                <\/style>\n                \n    \n    \n<\/div>\n\n<h4><\/h4>\n<p style=\"text-align: left;\"><strong><span style=\"font-size: 18pt; color: #000000;\">GRAVITY CUP<\/span><\/strong><\/p>\n<p><img loading=\"lazy\" class=\"wp-image-9334 alignleft\" src=\"http:\/\/www.sistar.it\/it\/wp-content\/uploads\/Tazza-847x1024.jpg\" alt=\"Tazza\" width=\"303\" height=\"367\" \/><\/p>\n<h4><\/h4>\n<h4><\/h4>\n<h4><\/h4>\n<h4><\/h4>\n<h4><\/h4>\n<h4><\/h4>\n<h4><\/h4>\n<h4><\/h4>\n<h4><\/h4>\n<h4 style=\"text-align: left;\"><\/h4>\n<p>Nylon cup 600 ml for spray gun G-PRO 2 E G-2005 HVLP<\/p>\n<p>&nbsp;<\/p>\n<div id=\"footable_parent_22420\"\n         class=\" footable_parent ninja_table_wrapper loading_ninja_table wp_table_data_press_parent bootstrap4 colored_table\">\n                <table data-ninja_table_instance=\"ninja_table_instance_2\" data-footable_id=\"22420\" data-filter-delay=\"1000\" aria-label=\"TAZZA IN NYLON( INGLESE )\"            id=\"footable_22420\"\n           data-unique_identifier=\"ninja_table_unique_id_984341494_22420\"\n           class=\" foo-table ninja_footable foo_table_22420 ninja_table_unique_id_984341494_22420 table  white nt_type_ajax_table table-hover vertical_centered inverted footable-paging-right ninja_table_search_disabled\">\n                <colgroup>\n                            <col class=\"ninja_column_0 \">\n                            <col class=\"ninja_column_1 \">\n                            <col class=\"ninja_column_2 \">\n                    <\/colgroup>\n            <\/table>\n                    <style type=\"text\/css\" id='ninja_table_custom_css_22423'>\n                        #footable_22423  {\n        font-family: sans-serif;\n        font-size: 14px;\n    }\n\n#footable_22423 td.ninja_column_0 { text-align: center; }#footable_22423 th.ninja_column_0 { text-align: center; }#footable_22423 td.ninja_column_1 { text-align: center; }#footable_22423 th.ninja_column_1 { text-align: center; }#footable_22423 td.ninja_column_2 { text-align: center; }#footable_22423 th.ninja_column_2 { text-align: center; }                <\/style>\n                                <style type=\"text\/css\" id='ninja_table_custom_css_22419'>\n                        #footable_22419  {\n        font-family: sans-serif;\n        font-size: 14px;\n    }\n\n#footable_22419 td.ninja_column_0 { text-align: center; }#footable_22419 th.ninja_column_0 { text-align: center; }#footable_22419 td.ninja_column_1 { text-align: center; }#footable_22419 th.ninja_column_1 { text-align: center; }#footable_22419 td.ninja_column_2 { text-align: center; }#footable_22419 th.ninja_column_2 { text-align: center; }                <\/style>\n                                <style type=\"text\/css\" id='ninja_table_custom_css_22420'>\n                        #footable_22420  {\n        font-family: sans-serif;\n        font-size: 14px;\n    }\n\n#footable_22420 td.ninja_column_0 { text-align: center; }#footable_22420 th.ninja_column_0 { text-align: center; }#footable_22420 td.ninja_column_1 { text-align: center; }#footable_22420 th.ninja_column_1 { text-align: center; }#footable_22420 td.ninja_column_2 { text-align: center; }#footable_22420 th.ninja_column_2 { text-align: center; }                <\/style>\n                \n    \n    \n<\/div>\n\n<p>&nbsp;<\/p>\n<p>&nbsp;<\/p>\n","protected":false},"excerpt":{"rendered":"<p>HVLP gravity spray gun with chromed body for car bodyshop and industrial painting. It is suitable for solvent and water based paints. Air cap, needle and nozzle are made of stainless steel. Wide availability of nozzles. The gravity-fit nylon cup with anti-drip system has a capacity of 600 ml. Package includes: complete airbrush, top cup,&#8230;<\/p>\n","protected":false},"featured_media":19521,"template":"","meta":[],"product_cat":[286,350],"product_tag":[],"acf":[],"_links":{"self":[{"href":"https:\/\/www.sistar.it\/en\/wp-json\/wp\/v2\/product\/22421"}],"collection":[{"href":"https:\/\/www.sistar.it\/en\/wp-json\/wp\/v2\/product"}],"about":[{"href":"https:\/\/www.sistar.it\/en\/wp-json\/wp\/v2\/types\/product"}],"wp:featuredmedia":[{"embeddable":true,"href":"https:\/\/www.sistar.it\/en\/wp-json\/wp\/v2\/media\/19521"}],"wp:attachment":[{"href":"https:\/\/www.sistar.it\/en\/wp-json\/wp\/v2\/media?parent=22421"}],"wp:term":[{"taxonomy":"product_cat","embeddable":true,"href":"https:\/\/www.sistar.it\/en\/wp-json\/wp\/v2\/product_cat?post=22421"},{"taxonomy":"product_tag","embeddable":true,"href":"https:\/\/www.sistar.it\/en\/wp-json\/wp\/v2\/product_tag?post=22421"}],"curies":[{"name":"wp","href":"https:\/\/api.w.org\/{rel}","templated":true}]}}